{"id":265,"date":"2018-05-21T21:55:54","date_gmt":"2018-05-21T21:55:54","guid":{"rendered":"http:\/\/illariy.org\/?page_id=265"},"modified":"2018-05-22T00:34:38","modified_gmt":"2018-05-22T00:34:38","slug":"contacto","status":"publish","type":"page","link":"https:\/\/illariy.org\/en\/contacto\/","title":{"rendered":"Contac Us"},"content":{"rendered":"<h2 class=\"hestia-title\">Get in Touch<\/h2>\n<h5 class=\"description\">ILLARIY will contact you as soon as possible<\/h5>\n<p>&nbsp;<\/p>\n\n\n<div\n\t\tclass=\"pirate_forms_container widget-no\"\n\t\tid=\"pirate_forms_container_default\">\n\t<!-- header -->\n\t\n\t<!-- thank you -->\n\t\n\t<div class=\"pirate_forms_wrap\">\n\t\t<!-- errors -->\n\t\t\n\t\t<!-- form -->\n\t\t\n\t\t<form\n\t\t\t\tmethod=\"post\"\n\t\t\t\tenctype=\"application\/x-www-form-urlencoded\"\n\t\t\t\tclass=\"pirate_forms  form_honeypot-on wordpress-nonce-on pirate-forms-contact-name-on pirate-forms-contact-email-on pirate-forms-contact-subject-on pirate-forms-contact-message-on pirate-forms-contact-submit-on pirate_forms_from_form-on\" action=\"\"\n\t\t\t\t\t>\n\t\t\t<div class=\"pirate_forms_three_inputs_wrap\">\n\t\t\t\t\n\n<div class=\"col-xs-12 pirate_forms_three_inputs form_field_wrap contact_name_wrap col-xs-12 col-sm-6 contact_name_wrap pirate_forms_three_inputs form_field_wrap\">\n\t\t<input\n\t\t\ttype=\"text\"\n\t\t\tclass=\"form-control\" id=\"pirate-forms-contact-name\" name=\"pirate-forms-contact-name\" placeholder=\"Name\" required oninvalid =\"this.setCustomValidity('Escriba su nombre')\" onchange=\"this.setCustomValidity('')\" value=\"\" >\n<\/div>\n\n\n<div class=\"col-xs-12 pirate_forms_three_inputs form_field_wrap contact_email_wrap col-xs-12 col-sm-6 contact_email_wrap pirate_forms_three_inputs form_field_wrap\">\n\t\t<input type=\"email\" class=\"form-control\" id=\"pirate-forms-contact-email\" name=\"pirate-forms-contact-email\" placeholder=\"Email\" required oninvalid =\"this.setCustomValidity('Escriba una direcci\u00f3n de correo electr\u00f3nico v\u00e1lida')\" onchange=\"this.setCustomValidity('')\" value=\"\">\n<\/div>\n\n\n<div class=\"col-xs-12 pirate_forms_three_inputs form_field_wrap contact_subject_wrap col-xs-12 contact_subject_wrap pirate_forms_three_inputs form_field_wrap\">\n\t\t<input\n\t\t\ttype=\"text\"\n\t\t\tclass=\"form-control\" id=\"pirate-forms-contact-subject\" name=\"pirate-forms-contact-subject\" placeholder=\"Subject\" required oninvalid =\"this.setCustomValidity('Por favor, escriba un asunto')\" onchange=\"this.setCustomValidity('')\" value=\"\" >\n<\/div>\n\t\t\t<\/div>\n\n\t\t\t\n\n<div class=\"col-xs-12 form_field_wrap contact_message_wrap col-xs-12 contact_message_wrap pirate_forms_three_inputs form_field_wrap\">\n\t\t<textarea\n\t\t\trows=\"5\" cols=\"30\"\n\t\t\tclass=\"form-control\" id=\"pirate-forms-contact-message\" name=\"pirate-forms-contact-message\" placeholder=\"Message\" required oninvalid =\"this.setCustomValidity('Escriba su pregunta o comentario')\" onchange=\"this.setCustomValidity('')\" ><\/textarea>\n<\/div>\n\n\n<div class=\"col-xs-12 form_field_wrap contact_submit_wrap\">\n\t<button type=\"submit\" class=\"pirate-forms-submit-button btn btn-primary\" id=\"pirate-forms-contact-submit\" name=\"pirate-forms-contact-submit\" placeholder=\"\" >Send message<\/button>\n<\/div>\n<input type=\"hidden\" id=\"pirate_forms_ajax\" name=\"pirate_forms_ajax\" class=\"\" placeholder=\"\"  value=\"0\"><div class=\"form_field_wrap hidden\" style=\"display: none\"><input type=\"text\" id=\"form_honeypot\" name=\"honeypot\" class=\"\" placeholder=\"\"  value=\"\"><\/div><input type=\"hidden\" id=\"pirate_forms_from_widget\" name=\"pirate_forms_from_widget\" class=\"\" placeholder=\"\"  value=\"0\"><input type=\"hidden\" id=\"wordpress-nonce\" name=\"wordpress-nonce\" class=\"\" placeholder=\"\"  value=\"4bab106275\"><input type=\"hidden\" id=\"pirate_forms_from_form\" name=\"pirate_forms_from_form\" class=\"\" placeholder=\"\"  value=\"2ba799545a\">\t\t<input type=\"hidden\" name=\"trp-form-language\" value=\"en\"\/><\/form>\n\n\t\t\n\t\t<div class=\"pirate_forms_clearfix\"><\/div>\n\t<\/div>\n\n\t<!-- footer -->\n\t<\/div>","protected":false},"excerpt":{"rendered":"<p>Get in Touch ILLARIY se pondr\u00e1 en contacto con usted tan pronto como sea posible &nbsp;<\/p>","protected":false},"author":1,"featured_media":0,"parent":0,"menu_order":0,"comment_status":"closed","ping_status":"closed","template":"","meta":{"footnotes":""},"class_list":["post-265","page","type-page","status-publish","hentry"],"wppr_data":[],"yoast_head":"<!-- This site is optimized with the Yoast SEO plugin v26.9 - https:\/\/yoast.com\/product\/yoast-seo-wordpress\/ -->\n<title>Contacto - I L L A R I Y<\/title>\n<meta name=\"robots\" content=\"index, follow, max-snippet:-1, max-image-preview:large, max-video-preview:-1\" \/>\n<link rel=\"canonical\" href=\"https:\/\/illariy.org\/en\/contacto\/\" \/>\n<meta property=\"og:locale\" content=\"en_US\" \/>\n<meta property=\"og:type\" content=\"article\" \/>\n<meta property=\"og:title\" content=\"Contacto - I L L A R I Y\" \/>\n<meta property=\"og:description\" content=\"Get in Touch ILLARIY se pondr\u00e1 en contacto con usted tan pronto como sea posible &nbsp;\" \/>\n<meta property=\"og:url\" content=\"https:\/\/illariy.org\/en\/contacto\/\" \/>\n<meta property=\"og:site_name\" content=\"I L L A R I Y\" \/>\n<meta property=\"article:modified_time\" content=\"2018-05-22T00:34:38+00:00\" \/>\n<meta name=\"twitter:card\" content=\"summary_large_image\" \/>\n<script type=\"application\/ld+json\" class=\"yoast-schema-graph\">{\"@context\":\"https:\/\/schema.org\",\"@graph\":[{\"@type\":\"WebPage\",\"@id\":\"https:\/\/illariy.org\/contacto\/\",\"url\":\"https:\/\/illariy.org\/contacto\/\",\"name\":\"Contacto - I L L A R I Y\",\"isPartOf\":{\"@id\":\"https:\/\/illariy.org\/#website\"},\"datePublished\":\"2018-05-21T21:55:54+00:00\",\"dateModified\":\"2018-05-22T00:34:38+00:00\",\"breadcrumb\":{\"@id\":\"https:\/\/illariy.org\/contacto\/#breadcrumb\"},\"inLanguage\":\"en-US\",\"potentialAction\":[{\"@type\":\"ReadAction\",\"target\":[\"https:\/\/illariy.org\/contacto\/\"]}]},{\"@type\":\"BreadcrumbList\",\"@id\":\"https:\/\/illariy.org\/contacto\/#breadcrumb\",\"itemListElement\":[{\"@type\":\"ListItem\",\"position\":1,\"name\":\"Portada\",\"item\":\"https:\/\/illariy.org\/\"},{\"@type\":\"ListItem\",\"position\":2,\"name\":\"Contacto\"}]},{\"@type\":\"WebSite\",\"@id\":\"https:\/\/illariy.org\/#website\",\"url\":\"https:\/\/illariy.org\/\",\"name\":\"ILLARIY\",\"description\":\"Organizaci\u00f3n No Gubernamental de Desarrollo\",\"publisher\":{\"@id\":\"https:\/\/illariy.org\/#organization\"},\"potentialAction\":[{\"@type\":\"SearchAction\",\"target\":{\"@type\":\"EntryPoint\",\"urlTemplate\":\"https:\/\/illariy.org\/?s={search_term_string}\"},\"query-input\":{\"@type\":\"PropertyValueSpecification\",\"valueRequired\":true,\"valueName\":\"search_term_string\"}}],\"inLanguage\":\"en-US\"},{\"@type\":\"Organization\",\"@id\":\"https:\/\/illariy.org\/#organization\",\"name\":\"ILLARIY\",\"url\":\"https:\/\/illariy.org\/\",\"logo\":{\"@type\":\"ImageObject\",\"inLanguage\":\"en-US\",\"@id\":\"https:\/\/illariy.org\/#\/schema\/logo\/image\/\",\"url\":\"https:\/\/illariy.org\/wp-content\/uploads\/2018\/05\/cropped-LOGO-FINAL-01-3-scaled.jpg\",\"contentUrl\":\"https:\/\/illariy.org\/wp-content\/uploads\/2018\/05\/cropped-LOGO-FINAL-01-3-scaled.jpg\",\"width\":2560,\"height\":1938,\"caption\":\"ILLARIY\"},\"image\":{\"@id\":\"https:\/\/illariy.org\/#\/schema\/logo\/image\/\"}}]}<\/script>\n<!-- \/ Yoast SEO plugin. -->","yoast_head_json":{"title":"Contacto - I L L A R I Y","robots":{"index":"index","follow":"follow","max-snippet":"max-snippet:-1","max-image-preview":"max-image-preview:large","max-video-preview":"max-video-preview:-1"},"canonical":"https:\/\/illariy.org\/en\/contacto\/","og_locale":"en_US","og_type":"article","og_title":"Contacto - I L L A R I Y","og_description":"Get in Touch ILLARIY se pondr\u00e1 en contacto con usted tan pronto como sea posible &nbsp;","og_url":"https:\/\/illariy.org\/en\/contacto\/","og_site_name":"I L L A R I Y","article_modified_time":"2018-05-22T00:34:38+00:00","twitter_card":"summary_large_image","schema":{"@context":"https:\/\/schema.org","@graph":[{"@type":"WebPage","@id":"https:\/\/illariy.org\/contacto\/","url":"https:\/\/illariy.org\/contacto\/","name":"Contacto - I L L A R I Y","isPartOf":{"@id":"https:\/\/illariy.org\/#website"},"datePublished":"2018-05-21T21:55:54+00:00","dateModified":"2018-05-22T00:34:38+00:00","breadcrumb":{"@id":"https:\/\/illariy.org\/contacto\/#breadcrumb"},"inLanguage":"en-US","potentialAction":[{"@type":"ReadAction","target":["https:\/\/illariy.org\/contacto\/"]}]},{"@type":"BreadcrumbList","@id":"https:\/\/illariy.org\/contacto\/#breadcrumb","itemListElement":[{"@type":"ListItem","position":1,"name":"Portada","item":"https:\/\/illariy.org\/"},{"@type":"ListItem","position":2,"name":"Contacto"}]},{"@type":"WebSite","@id":"https:\/\/illariy.org\/#website","url":"https:\/\/illariy.org\/","name":"ILLARIY","description":"Organizaci\u00f3n No Gubernamental de Desarrollo","publisher":{"@id":"https:\/\/illariy.org\/#organization"},"potentialAction":[{"@type":"SearchAction","target":{"@type":"EntryPoint","urlTemplate":"https:\/\/illariy.org\/?s={search_term_string}"},"query-input":{"@type":"PropertyValueSpecification","valueRequired":true,"valueName":"search_term_string"}}],"inLanguage":"en-US"},{"@type":"Organization","@id":"https:\/\/illariy.org\/#organization","name":"ILLARIY","url":"https:\/\/illariy.org\/","logo":{"@type":"ImageObject","inLanguage":"en-US","@id":"https:\/\/illariy.org\/#\/schema\/logo\/image\/","url":"https:\/\/illariy.org\/wp-content\/uploads\/2018\/05\/cropped-LOGO-FINAL-01-3-scaled.jpg","contentUrl":"https:\/\/illariy.org\/wp-content\/uploads\/2018\/05\/cropped-LOGO-FINAL-01-3-scaled.jpg","width":2560,"height":1938,"caption":"ILLARIY"},"image":{"@id":"https:\/\/illariy.org\/#\/schema\/logo\/image\/"}}]}},"_links":{"self":[{"href":"https:\/\/illariy.org\/en\/wp-json\/wp\/v2\/pages\/265","targetHints":{"allow":["GET"]}}],"collection":[{"href":"https:\/\/illariy.org\/en\/wp-json\/wp\/v2\/pages"}],"about":[{"href":"https:\/\/illariy.org\/en\/wp-json\/wp\/v2\/types\/page"}],"author":[{"embeddable":true,"href":"https:\/\/illariy.org\/en\/wp-json\/wp\/v2\/users\/1"}],"replies":[{"embeddable":true,"href":"https:\/\/illariy.org\/en\/wp-json\/wp\/v2\/comments?post=265"}],"version-history":[{"count":13,"href":"https:\/\/illariy.org\/en\/wp-json\/wp\/v2\/pages\/265\/revisions"}],"predecessor-version":[{"id":3406,"href":"https:\/\/illariy.org\/en\/wp-json\/wp\/v2\/pages\/265\/revisions\/3406"}],"wp:attachment":[{"href":"https:\/\/illariy.org\/en\/wp-json\/wp\/v2\/media?parent=265"}],"curies":[{"name":"wp","href":"https:\/\/api.w.org\/{rel}","templated":true}]}}