{"id":335,"date":"2018-05-22T00:04:53","date_gmt":"2018-05-22T00:04:53","guid":{"rendered":"http:\/\/illariy.org\/?page_id=335"},"modified":"2023-09-01T23:14:45","modified_gmt":"2023-09-02T04:14:45","slug":"quienes-somos-2","status":"publish","type":"page","link":"https:\/\/illariy.org\/en\/quienes-somos-2\/","title":{"rendered":"About Us"},"content":{"rendered":"<p><img fetchpriority=\"high\" decoding=\"async\" width=\"462\" height=\"156\" class=\"aligncenter wp-image-215\" alt=\"\" src=\"http:\/\/illariy.org\/wp-content\/uploads\/2018\/05\/Sin-t\u00edtulo.jpg\" srcset=\"https:\/\/illariy.org\/wp-content\/uploads\/2018\/05\/Sin-t\u00edtulo.jpg 846w, https:\/\/illariy.org\/wp-content\/uploads\/2018\/05\/Sin-t\u00edtulo-600x202.jpg 600w, https:\/\/illariy.org\/wp-content\/uploads\/2018\/05\/Sin-t\u00edtulo-300x101.jpg 300w, https:\/\/illariy.org\/wp-content\/uploads\/2018\/05\/Sin-t\u00edtulo-768x259.jpg 768w\" sizes=\"(max-width: 462px) 100vw, 462px\" \/><\/p>\n<p style=\"text-align: justify; line-height: normal; margin-bottom: 11.25pt;\"><span><\/span>ILLARIY is an Association for the Development and Conservation of Natural Resources, is a private organization, integrated by natural persons and constituted under the modality of civil association, non-profit, not committed to any party political ideology or religious creed.<\/p>\n<p style=\"text-align: justify;\"><b>\u00a0<\/b><\/p>\n<p style=\"text-align: justify;\"><b>Institutional Mission<\/b><\/p>\n<p style=\"text-align: justify;\"><span><\/span>ILLARIY's mission is to \"contribute to improving the living conditions and quality of life of individuals, families and populations, in accordance with the development and conservation of local natural resources, harmonizing environmental, social, cultural, productive and economic aspects\".<\/p>\n<p style=\"text-align: justify;\"><b>\u00a0<\/b><\/p>\n<p style=\"text-align: justify;\"><b>Institutional Vision<\/b><\/p>\n<p style=\"text-align: justify;\">To become a non-governmental organization with a recognized track record in the promotion of self-sustaining and autonomous development of natural resources, with its own resources that allow it to continue with the development process initiated in its areas of intervention, aiming at productive improvement, social equity and environmental quality.<\/p>\n<p style=\"text-align: justify;\"><b>Statutory representative<\/b><span><\/span> William Valderrama B. DVM MSc PhD (Cum Laude)<\/p>\n<p style=\"text-align: justify;\"><a href=\"mailto:wvalderrama@illariy.org\"><span><\/span>wvalderrama@illariy.org<\/a><\/p>\n<p style=\"text-align: justify;\"><b><span><\/span>TIN ILLARIY (PERU):<\/b> 20491611821<\/p>\n<p><strong>REGISTRO APCI<\/strong>: Resoluci\u00f3n Directoral N\u00ba296-2023\/APCI-DOC<\/p>","protected":false},"excerpt":{"rendered":"<p>ILLARIY es una Asociaci\u00f3n para el Desarrollo y Conservaci\u00f3n de los Recursos Naturales, es una organizaci\u00f3n privada, integrada por personas naturales y constituida bajo la modalidad de asociaci\u00f3n civil, sin fines de lucro, no comprometida con ninguna ideolog\u00eda pol\u00edtica partidarista ni credo religioso. \u00a0 Misi\u00f3n Institucional: ILLARIY asume como misi\u00f3n: [&hellip;]<\/p>","protected":false},"author":1,"featured_media":0,"parent":0,"menu_order":0,"comment_status":"closed","ping_status":"closed","template":"","meta":{"footnotes":""},"class_list":["post-335","page","type-page","status-publish","hentry"],"wppr_data":{"cwp_meta_box_check":"No"},"yoast_head":"<!-- This site is optimized with the Yoast SEO plugin v26.9 - https:\/\/yoast.com\/product\/yoast-seo-wordpress\/ -->\n<title>Quienes somos - I L L A R I Y<\/title>\n<meta name=\"robots\" content=\"index, follow, max-snippet:-1, max-image-preview:large, max-video-preview:-1\" \/>\n<link rel=\"canonical\" href=\"https:\/\/illariy.org\/en\/quienes-somos-2\/\" \/>\n<meta property=\"og:locale\" content=\"en_US\" \/>\n<meta property=\"og:type\" content=\"article\" \/>\n<meta property=\"og:title\" content=\"Quienes somos - I L L A R I Y\" \/>\n<meta property=\"og:description\" content=\"ILLARIY es una Asociaci\u00f3n para el Desarrollo y Conservaci\u00f3n de los Recursos Naturales, es una organizaci\u00f3n privada, integrada por personas naturales y constituida bajo la modalidad de asociaci\u00f3n civil, sin fines de lucro, no comprometida con ninguna ideolog\u00eda pol\u00edtica partidarista ni credo religioso. \u00a0 Misi\u00f3n Institucional: ILLARIY asume como misi\u00f3n: [&hellip;]\" \/>\n<meta property=\"og:url\" content=\"https:\/\/illariy.org\/en\/quienes-somos-2\/\" \/>\n<meta property=\"og:site_name\" content=\"I L L A R I Y\" \/>\n<meta property=\"article:modified_time\" content=\"2023-09-02T04:14:45+00:00\" \/>\n<meta name=\"twitter:card\" content=\"summary_large_image\" \/>\n<meta name=\"twitter:label1\" content=\"Est. reading time\" \/>\n\t<meta name=\"twitter:data1\" content=\"1 minute\" \/>\n<script type=\"application\/ld+json\" class=\"yoast-schema-graph\">{\"@context\":\"https:\/\/schema.org\",\"@graph\":[{\"@type\":\"WebPage\",\"@id\":\"https:\/\/illariy.org\/quienes-somos-2\/\",\"url\":\"https:\/\/illariy.org\/quienes-somos-2\/\",\"name\":\"Quienes somos - I L L A R I Y\",\"isPartOf\":{\"@id\":\"https:\/\/illariy.org\/#website\"},\"datePublished\":\"2018-05-22T00:04:53+00:00\",\"dateModified\":\"2023-09-02T04:14:45+00:00\",\"breadcrumb\":{\"@id\":\"https:\/\/illariy.org\/quienes-somos-2\/#breadcrumb\"},\"inLanguage\":\"en-US\",\"potentialAction\":[{\"@type\":\"ReadAction\",\"target\":[\"https:\/\/illariy.org\/quienes-somos-2\/\"]}]},{\"@type\":\"BreadcrumbList\",\"@id\":\"https:\/\/illariy.org\/quienes-somos-2\/#breadcrumb\",\"itemListElement\":[{\"@type\":\"ListItem\",\"position\":1,\"name\":\"Portada\",\"item\":\"https:\/\/illariy.org\/\"},{\"@type\":\"ListItem\",\"position\":2,\"name\":\"Quienes somos\"}]},{\"@type\":\"WebSite\",\"@id\":\"https:\/\/illariy.org\/#website\",\"url\":\"https:\/\/illariy.org\/\",\"name\":\"ILLARIY\",\"description\":\"Organizaci\u00f3n No Gubernamental de Desarrollo\",\"publisher\":{\"@id\":\"https:\/\/illariy.org\/#organization\"},\"potentialAction\":[{\"@type\":\"SearchAction\",\"target\":{\"@type\":\"EntryPoint\",\"urlTemplate\":\"https:\/\/illariy.org\/?s={search_term_string}\"},\"query-input\":{\"@type\":\"PropertyValueSpecification\",\"valueRequired\":true,\"valueName\":\"search_term_string\"}}],\"inLanguage\":\"en-US\"},{\"@type\":\"Organization\",\"@id\":\"https:\/\/illariy.org\/#organization\",\"name\":\"ILLARIY\",\"url\":\"https:\/\/illariy.org\/\",\"logo\":{\"@type\":\"ImageObject\",\"inLanguage\":\"en-US\",\"@id\":\"https:\/\/illariy.org\/#\/schema\/logo\/image\/\",\"url\":\"https:\/\/illariy.org\/wp-content\/uploads\/2018\/05\/cropped-LOGO-FINAL-01-3-scaled.jpg\",\"contentUrl\":\"https:\/\/illariy.org\/wp-content\/uploads\/2018\/05\/cropped-LOGO-FINAL-01-3-scaled.jpg\",\"width\":2560,\"height\":1938,\"caption\":\"ILLARIY\"},\"image\":{\"@id\":\"https:\/\/illariy.org\/#\/schema\/logo\/image\/\"}}]}<\/script>\n<!-- \/ Yoast SEO plugin. -->","yoast_head_json":{"title":"Quienes somos - I L L A R I Y","robots":{"index":"index","follow":"follow","max-snippet":"max-snippet:-1","max-image-preview":"max-image-preview:large","max-video-preview":"max-video-preview:-1"},"canonical":"https:\/\/illariy.org\/en\/quienes-somos-2\/","og_locale":"en_US","og_type":"article","og_title":"Quienes somos - I L L A R I Y","og_description":"ILLARIY es una Asociaci\u00f3n para el Desarrollo y Conservaci\u00f3n de los Recursos Naturales, es una organizaci\u00f3n privada, integrada por personas naturales y constituida bajo la modalidad de asociaci\u00f3n civil, sin fines de lucro, no comprometida con ninguna ideolog\u00eda pol\u00edtica partidarista ni credo religioso. \u00a0 Misi\u00f3n Institucional: ILLARIY asume como misi\u00f3n: [&hellip;]","og_url":"https:\/\/illariy.org\/en\/quienes-somos-2\/","og_site_name":"I L L A R I Y","article_modified_time":"2023-09-02T04:14:45+00:00","twitter_card":"summary_large_image","twitter_misc":{"Est. reading time":"1 minute"},"schema":{"@context":"https:\/\/schema.org","@graph":[{"@type":"WebPage","@id":"https:\/\/illariy.org\/quienes-somos-2\/","url":"https:\/\/illariy.org\/quienes-somos-2\/","name":"Quienes somos - I L L A R I Y","isPartOf":{"@id":"https:\/\/illariy.org\/#website"},"datePublished":"2018-05-22T00:04:53+00:00","dateModified":"2023-09-02T04:14:45+00:00","breadcrumb":{"@id":"https:\/\/illariy.org\/quienes-somos-2\/#breadcrumb"},"inLanguage":"en-US","potentialAction":[{"@type":"ReadAction","target":["https:\/\/illariy.org\/quienes-somos-2\/"]}]},{"@type":"BreadcrumbList","@id":"https:\/\/illariy.org\/quienes-somos-2\/#breadcrumb","itemListElement":[{"@type":"ListItem","position":1,"name":"Portada","item":"https:\/\/illariy.org\/"},{"@type":"ListItem","position":2,"name":"Quienes somos"}]},{"@type":"WebSite","@id":"https:\/\/illariy.org\/#website","url":"https:\/\/illariy.org\/","name":"ILLARIY","description":"Organizaci\u00f3n No Gubernamental de Desarrollo","publisher":{"@id":"https:\/\/illariy.org\/#organization"},"potentialAction":[{"@type":"SearchAction","target":{"@type":"EntryPoint","urlTemplate":"https:\/\/illariy.org\/?s={search_term_string}"},"query-input":{"@type":"PropertyValueSpecification","valueRequired":true,"valueName":"search_term_string"}}],"inLanguage":"en-US"},{"@type":"Organization","@id":"https:\/\/illariy.org\/#organization","name":"ILLARIY","url":"https:\/\/illariy.org\/","logo":{"@type":"ImageObject","inLanguage":"en-US","@id":"https:\/\/illariy.org\/#\/schema\/logo\/image\/","url":"https:\/\/illariy.org\/wp-content\/uploads\/2018\/05\/cropped-LOGO-FINAL-01-3-scaled.jpg","contentUrl":"https:\/\/illariy.org\/wp-content\/uploads\/2018\/05\/cropped-LOGO-FINAL-01-3-scaled.jpg","width":2560,"height":1938,"caption":"ILLARIY"},"image":{"@id":"https:\/\/illariy.org\/#\/schema\/logo\/image\/"}}]}},"_links":{"self":[{"href":"https:\/\/illariy.org\/en\/wp-json\/wp\/v2\/pages\/335","targetHints":{"allow":["GET"]}}],"collection":[{"href":"https:\/\/illariy.org\/en\/wp-json\/wp\/v2\/pages"}],"about":[{"href":"https:\/\/illariy.org\/en\/wp-json\/wp\/v2\/types\/page"}],"author":[{"embeddable":true,"href":"https:\/\/illariy.org\/en\/wp-json\/wp\/v2\/users\/1"}],"replies":[{"embeddable":true,"href":"https:\/\/illariy.org\/en\/wp-json\/wp\/v2\/comments?post=335"}],"version-history":[{"count":9,"href":"https:\/\/illariy.org\/en\/wp-json\/wp\/v2\/pages\/335\/revisions"}],"predecessor-version":[{"id":3494,"href":"https:\/\/illariy.org\/en\/wp-json\/wp\/v2\/pages\/335\/revisions\/3494"}],"wp:attachment":[{"href":"https:\/\/illariy.org\/en\/wp-json\/wp\/v2\/media?parent=335"}],"curies":[{"name":"wp","href":"https:\/\/api.w.org\/{rel}","templated":true}]}}