{"id":412,"date":"2018-06-01T21:34:14","date_gmt":"2018-06-02T02:34:14","guid":{"rendered":"http:\/\/illariy.org\/?page_id=412"},"modified":"2023-09-01T23:25:22","modified_gmt":"2023-09-02T04:25:22","slug":"proyectos","status":"publish","type":"page","link":"https:\/\/illariy.org\/en\/proyectos\/","title":{"rendered":"Projects"},"content":{"rendered":"<div data-elementor-type=\"wp-post\" data-elementor-id=\"412\" class=\"elementor elementor-412\">\n\t\t\t\t\t\t<section class=\"elementor-section elementor-top-section elementor-element elementor-element-b6946e3 elementor-section-full_width elementor-section-height-min-height elementor-section-height-default elementor-section-items-middle\" data-id=\"b6946e3\" data-element_type=\"section\">\n\t\t\t\t\t\t<div class=\"elementor-container elementor-column-gap-default\">\n\t\t\t\t\t<div class=\"elementor-column elementor-col-100 elementor-top-column elementor-element elementor-element-22a2089\" data-id=\"22a2089\" data-element_type=\"column\">\n\t\t\t<div class=\"elementor-widget-wrap elementor-element-populated\">\n\t\t\t\t\t\t<div class=\"elementor-element elementor-element-3168db3 elementor-widget elementor-widget-obfx-posts-grid\" data-id=\"3168db3\" data-element_type=\"widget\" data-widget_type=\"obfx-posts-grid.default\">\n\t\t\t\t<div class=\"elementor-widget-container\">\n\t\t\t\t\t<div class=\"obfx-grid\"><div class=\"obfx-grid-container obfx-grid-desktop-2\"><div class=\"obfx-grid-wrapper\"><article class=\"obfx-grid-col\"><div class=\"obfx-grid-col-image\" ><a href=\"https:\/\/illariy.org\/en\/otra-publicacion\/\" title=\"What is the role of zoos today?\"><img fetchpriority=\"high\" decoding=\"async\" width=\"700\" height=\"329\" src=\"https:\/\/illariy.org\/wp-content\/uploads\/2018\/06\/BANNER-RDB-MANU-e1531281895618.jpg\" class=\"img-responsive wp-post-image\" alt=\"BANNER RDB MANU\" srcset=\"https:\/\/illariy.org\/wp-content\/uploads\/2018\/06\/BANNER-RDB-MANU-e1531281895618.jpg 700w, https:\/\/illariy.org\/wp-content\/uploads\/2018\/06\/BANNER-RDB-MANU-e1531281895618-600x282.jpg 600w\" sizes=\"(max-width: 700px) 100vw, 700px\" \/><\/a><\/div><div class=\"obfx-grid-col-content\">\t\t\t<h2 class=\"entry-title obfx-grid-title\">\n\t\t\t\t\t\t\t<a href=\"https:\/\/illariy.org\/en\/otra-publicacion\/\" title=\"What is the role of zoos today?\">\n\t\t\t\t\tWhat is the role of zoos today?\t\t\t\t<\/a>\n\t\t\t\t\t\t\t<\/h2>\n\t\t\t<\/div><\/article><\/div><div class=\"obfx-grid-wrapper\"><article class=\"obfx-grid-col\"><div class=\"obfx-grid-col-image\" ><a href=\"https:\/\/illariy.org\/en\/investigacion-en-animales-silvestres\/\" title=\"Epidemiological Surveillance in Wildlife Animals\"><img decoding=\"async\" width=\"700\" height=\"467\" data-src=\"https:\/\/illariy.org\/wp-content\/uploads\/2018\/07\/IMG_1462-e1531296615984.jpg\" class=\"img-responsive wp-post-image lazyload\" alt=\"IMG_1462\" data-srcset=\"https:\/\/illariy.org\/wp-content\/uploads\/2018\/07\/IMG_1462-e1531296615984.jpg 700w, https:\/\/illariy.org\/wp-content\/uploads\/2018\/07\/IMG_1462-e1531296615984-600x400.jpg 600w\" data-sizes=\"(max-width: 700px) 100vw, 700px\" src=\"data:image\/gif;base64,R0lGODlhAQABAAAAACH5BAEKAAEALAAAAAABAAEAAAICTAEAOw==\" style=\"--smush-placeholder-width: 700px; --smush-placeholder-aspect-ratio: 700\/467;\" \/><\/a><\/div><div class=\"obfx-grid-col-content\">\t\t\t<h2 class=\"entry-title obfx-grid-title\">\n\t\t\t\t\t\t\t<a href=\"https:\/\/illariy.org\/en\/investigacion-en-animales-silvestres\/\" title=\"Epidemiological Surveillance in Wildlife Animals\">\n\t\t\t\t\tEpidemiological Surveillance in Wildlife Animals\t\t\t\t<\/a>\n\t\t\t\t\t\t\t<\/h2>\n\t\t\t<\/div><\/article><\/div>\t\t\t\t<div class=\"obfx-grid-pagination\">\n\t\t\t\t\t\t\t\t\t\t<nav class=\"pagination\">\n\t\t\t\t\t\t\t\t\t\t\t<\/nav>\n\t\t\t\t<\/div>\n\t\t\t\t<\/div><!-- .obfx-grid-container --><\/div><!-- .obfx-grid -->\t\t\t\t<\/div>\n\t\t\t\t<\/div>\n\t\t\t\t\t<\/div>\n\t\t<\/div>\n\t\t\t\t\t<\/div>\n\t\t<\/section>\n\t\t\t\t<\/div>","protected":false},"excerpt":{"rendered":"<p>\u00bfC\u00faal es el rol de los zool\u00f3gicos hoy en d\u00eda? Vigilancia epidemiol\u00f3gica en animales silvestres<\/p>","protected":false},"author":1,"featured_media":0,"parent":0,"menu_order":0,"comment_status":"closed","ping_status":"closed","template":"page-templates\/template-fullwidth.php","meta":{"footnotes":""},"class_list":["post-412","page","type-page","status-publish","hentry"],"wppr_data":{"cwp_meta_box_check":"No"},"yoast_head":"<!-- This site is optimized with the Yoast SEO plugin v26.9 - https:\/\/yoast.com\/product\/yoast-seo-wordpress\/ -->\n<title>Proyectos - I L L A R I Y<\/title>\n<meta name=\"robots\" content=\"index, follow, max-snippet:-1, max-image-preview:large, max-video-preview:-1\" \/>\n<link rel=\"canonical\" href=\"https:\/\/illariy.org\/en\/proyectos\/\" \/>\n<meta property=\"og:locale\" content=\"en_US\" \/>\n<meta property=\"og:type\" content=\"article\" \/>\n<meta property=\"og:title\" content=\"Proyectos - I L L A R I Y\" \/>\n<meta property=\"og:description\" content=\"\u00bfC\u00faal es el rol de los zool\u00f3gicos hoy en d\u00eda? Vigilancia epidemiol\u00f3gica en animales silvestres\" \/>\n<meta property=\"og:url\" content=\"https:\/\/illariy.org\/en\/proyectos\/\" \/>\n<meta property=\"og:site_name\" content=\"I L L A R I Y\" \/>\n<meta property=\"article:modified_time\" content=\"2023-09-02T04:25:22+00:00\" \/>\n<meta property=\"og:image\" content=\"https:\/\/illariy.org\/wp-content\/uploads\/2018\/06\/BANNER-RDB-MANU-e1531281895618.jpg\" \/>\n<meta name=\"twitter:card\" content=\"summary_large_image\" \/>\n<meta name=\"twitter:label1\" content=\"Est. reading time\" \/>\n\t<meta name=\"twitter:data1\" content=\"1 minute\" \/>\n<script type=\"application\/ld+json\" class=\"yoast-schema-graph\">{\"@context\":\"https:\/\/schema.org\",\"@graph\":[{\"@type\":\"WebPage\",\"@id\":\"https:\/\/illariy.org\/proyectos\/\",\"url\":\"https:\/\/illariy.org\/proyectos\/\",\"name\":\"Proyectos - I L L A R I Y\",\"isPartOf\":{\"@id\":\"https:\/\/illariy.org\/#website\"},\"primaryImageOfPage\":{\"@id\":\"https:\/\/illariy.org\/proyectos\/#primaryimage\"},\"image\":{\"@id\":\"https:\/\/illariy.org\/proyectos\/#primaryimage\"},\"thumbnailUrl\":\"https:\/\/illariy.org\/wp-content\/uploads\/2018\/06\/BANNER-RDB-MANU-e1531281895618.jpg\",\"datePublished\":\"2018-06-02T02:34:14+00:00\",\"dateModified\":\"2023-09-02T04:25:22+00:00\",\"breadcrumb\":{\"@id\":\"https:\/\/illariy.org\/proyectos\/#breadcrumb\"},\"inLanguage\":\"en-US\",\"potentialAction\":[{\"@type\":\"ReadAction\",\"target\":[\"https:\/\/illariy.org\/proyectos\/\"]}]},{\"@type\":\"ImageObject\",\"inLanguage\":\"en-US\",\"@id\":\"https:\/\/illariy.org\/proyectos\/#primaryimage\",\"url\":\"https:\/\/illariy.org\/wp-content\/uploads\/2018\/06\/BANNER-RDB-MANU-e1531281895618.jpg\",\"contentUrl\":\"https:\/\/illariy.org\/wp-content\/uploads\/2018\/06\/BANNER-RDB-MANU-e1531281895618.jpg\"},{\"@type\":\"BreadcrumbList\",\"@id\":\"https:\/\/illariy.org\/proyectos\/#breadcrumb\",\"itemListElement\":[{\"@type\":\"ListItem\",\"position\":1,\"name\":\"Portada\",\"item\":\"https:\/\/illariy.org\/\"},{\"@type\":\"ListItem\",\"position\":2,\"name\":\"Proyectos\"}]},{\"@type\":\"WebSite\",\"@id\":\"https:\/\/illariy.org\/#website\",\"url\":\"https:\/\/illariy.org\/\",\"name\":\"ILLARIY\",\"description\":\"Organizaci\u00f3n No Gubernamental de Desarrollo\",\"publisher\":{\"@id\":\"https:\/\/illariy.org\/#organization\"},\"potentialAction\":[{\"@type\":\"SearchAction\",\"target\":{\"@type\":\"EntryPoint\",\"urlTemplate\":\"https:\/\/illariy.org\/?s={search_term_string}\"},\"query-input\":{\"@type\":\"PropertyValueSpecification\",\"valueRequired\":true,\"valueName\":\"search_term_string\"}}],\"inLanguage\":\"en-US\"},{\"@type\":\"Organization\",\"@id\":\"https:\/\/illariy.org\/#organization\",\"name\":\"ILLARIY\",\"url\":\"https:\/\/illariy.org\/\",\"logo\":{\"@type\":\"ImageObject\",\"inLanguage\":\"en-US\",\"@id\":\"https:\/\/illariy.org\/#\/schema\/logo\/image\/\",\"url\":\"https:\/\/illariy.org\/wp-content\/uploads\/2018\/05\/cropped-LOGO-FINAL-01-3-scaled.jpg\",\"contentUrl\":\"https:\/\/illariy.org\/wp-content\/uploads\/2018\/05\/cropped-LOGO-FINAL-01-3-scaled.jpg\",\"width\":2560,\"height\":1938,\"caption\":\"ILLARIY\"},\"image\":{\"@id\":\"https:\/\/illariy.org\/#\/schema\/logo\/image\/\"}}]}<\/script>\n<!-- \/ Yoast SEO plugin. -->","yoast_head_json":{"title":"Proyectos - I L L A R I Y","robots":{"index":"index","follow":"follow","max-snippet":"max-snippet:-1","max-image-preview":"max-image-preview:large","max-video-preview":"max-video-preview:-1"},"canonical":"https:\/\/illariy.org\/en\/proyectos\/","og_locale":"en_US","og_type":"article","og_title":"Proyectos - I L L A R I Y","og_description":"\u00bfC\u00faal es el rol de los zool\u00f3gicos hoy en d\u00eda? Vigilancia epidemiol\u00f3gica en animales silvestres","og_url":"https:\/\/illariy.org\/en\/proyectos\/","og_site_name":"I L L A R I Y","article_modified_time":"2023-09-02T04:25:22+00:00","og_image":[{"url":"https:\/\/illariy.org\/wp-content\/uploads\/2018\/06\/BANNER-RDB-MANU-e1531281895618.jpg","type":"","width":"","height":""}],"twitter_card":"summary_large_image","twitter_misc":{"Est. reading time":"1 minute"},"schema":{"@context":"https:\/\/schema.org","@graph":[{"@type":"WebPage","@id":"https:\/\/illariy.org\/proyectos\/","url":"https:\/\/illariy.org\/proyectos\/","name":"Proyectos - I L L A R I Y","isPartOf":{"@id":"https:\/\/illariy.org\/#website"},"primaryImageOfPage":{"@id":"https:\/\/illariy.org\/proyectos\/#primaryimage"},"image":{"@id":"https:\/\/illariy.org\/proyectos\/#primaryimage"},"thumbnailUrl":"https:\/\/illariy.org\/wp-content\/uploads\/2018\/06\/BANNER-RDB-MANU-e1531281895618.jpg","datePublished":"2018-06-02T02:34:14+00:00","dateModified":"2023-09-02T04:25:22+00:00","breadcrumb":{"@id":"https:\/\/illariy.org\/proyectos\/#breadcrumb"},"inLanguage":"en-US","potentialAction":[{"@type":"ReadAction","target":["https:\/\/illariy.org\/proyectos\/"]}]},{"@type":"ImageObject","inLanguage":"en-US","@id":"https:\/\/illariy.org\/proyectos\/#primaryimage","url":"https:\/\/illariy.org\/wp-content\/uploads\/2018\/06\/BANNER-RDB-MANU-e1531281895618.jpg","contentUrl":"https:\/\/illariy.org\/wp-content\/uploads\/2018\/06\/BANNER-RDB-MANU-e1531281895618.jpg"},{"@type":"BreadcrumbList","@id":"https:\/\/illariy.org\/proyectos\/#breadcrumb","itemListElement":[{"@type":"ListItem","position":1,"name":"Portada","item":"https:\/\/illariy.org\/"},{"@type":"ListItem","position":2,"name":"Proyectos"}]},{"@type":"WebSite","@id":"https:\/\/illariy.org\/#website","url":"https:\/\/illariy.org\/","name":"ILLARIY","description":"Organizaci\u00f3n No Gubernamental de Desarrollo","publisher":{"@id":"https:\/\/illariy.org\/#organization"},"potentialAction":[{"@type":"SearchAction","target":{"@type":"EntryPoint","urlTemplate":"https:\/\/illariy.org\/?s={search_term_string}"},"query-input":{"@type":"PropertyValueSpecification","valueRequired":true,"valueName":"search_term_string"}}],"inLanguage":"en-US"},{"@type":"Organization","@id":"https:\/\/illariy.org\/#organization","name":"ILLARIY","url":"https:\/\/illariy.org\/","logo":{"@type":"ImageObject","inLanguage":"en-US","@id":"https:\/\/illariy.org\/#\/schema\/logo\/image\/","url":"https:\/\/illariy.org\/wp-content\/uploads\/2018\/05\/cropped-LOGO-FINAL-01-3-scaled.jpg","contentUrl":"https:\/\/illariy.org\/wp-content\/uploads\/2018\/05\/cropped-LOGO-FINAL-01-3-scaled.jpg","width":2560,"height":1938,"caption":"ILLARIY"},"image":{"@id":"https:\/\/illariy.org\/#\/schema\/logo\/image\/"}}]}},"_links":{"self":[{"href":"https:\/\/illariy.org\/en\/wp-json\/wp\/v2\/pages\/412","targetHints":{"allow":["GET"]}}],"collection":[{"href":"https:\/\/illariy.org\/en\/wp-json\/wp\/v2\/pages"}],"about":[{"href":"https:\/\/illariy.org\/en\/wp-json\/wp\/v2\/types\/page"}],"author":[{"embeddable":true,"href":"https:\/\/illariy.org\/en\/wp-json\/wp\/v2\/users\/1"}],"replies":[{"embeddable":true,"href":"https:\/\/illariy.org\/en\/wp-json\/wp\/v2\/comments?post=412"}],"version-history":[{"count":21,"href":"https:\/\/illariy.org\/en\/wp-json\/wp\/v2\/pages\/412\/revisions"}],"predecessor-version":[{"id":3497,"href":"https:\/\/illariy.org\/en\/wp-json\/wp\/v2\/pages\/412\/revisions\/3497"}],"wp:attachment":[{"href":"https:\/\/illariy.org\/en\/wp-json\/wp\/v2\/media?parent=412"}],"curies":[{"name":"wp","href":"https:\/\/api.w.org\/{rel}","templated":true}]}}