{"id":80,"date":"2018-05-09T02:04:37","date_gmt":"2018-05-09T07:04:37","guid":{"rendered":"http:\/\/illariy.org\/?page_id=80"},"modified":"2020-11-02T21:45:05","modified_gmt":"2020-11-03T02:45:05","slug":"illariy-ong","status":"publish","type":"page","link":"https:\/\/illariy.org\/en\/illariy-ong\/","title":{"rendered":"Home"},"content":{"rendered":"<h2>\n<p style=\"margin-bottom: 11.25pt; line-height: normal; background-image: initial; background-position: initial; background-size: initial; background-repeat: initial; background-attachment: initial; background-origin: initial; background-clip: initial;\">ILLARIY<\/p>\n<\/h2>\n<p style=\"text-align: justify;\">Somos una asociaci\u00f3n para el desarrollo y conservaci\u00f3n de los recursos naturales, es una organizaci\u00f3n privada, integrada por personas naturales y constituida bajo la modalidad de asociaci\u00f3n civil, sin fines de lucro, no comprometida con ninguna ideolog\u00eda pol\u00edtica partidarista ni credo religioso.<o:p><\/o:p><\/p>\n<p style=\"text-align: justify;\"><b>&nbsp;<o:p><\/o:p><\/b><\/p>\n<p style=\"text-align: justify;\"><b>Institutional Mission<o:p><\/o:p><\/b><\/p>\n<p style=\"text-align: justify;\">La asociaci\u00f3n asume como misi\u00f3n: \u201ccontribuir a mejorar las condiciones y la calidad de vida de las personas, familias y poblaciones, en funci\u00f3n al desarrollo y conservaci\u00f3n de los recursos naturales locales, armonizando los aspectos ambientales, sociales, culturales, productivos y econ\u00f3micos.<o:p><\/o:p><\/p>\n<p style=\"text-align: justify;\"><b>&nbsp;<o:p><\/o:p><\/b><\/p>\n<p style=\"text-align: justify;\"><b>Institutional Vision<o:p><\/o:p><\/b><\/p>\n<p style=\"text-align: justify;\">La asociaci\u00f3n se constituye en una instituci\u00f3n de reconocida trayectoria en la promoci\u00f3n del desarrollo, auto-sostenible y aut\u00f3noma de los recursos naturales, con recursos propios que le permiten continuar con el proceso de desarrollo iniciado en sus \u00e1mbitos de intervenci\u00f3n, propendiendo al mejoramiento productivo, la equidad social y la calidad ambiental.<o:p><\/o:p><\/p>\n<p style=\"text-align: justify;\">&nbsp;<o:p><\/o:p><\/p>\n<p style=\"text-align: justify;\"><b>Statutory representative<\/b> William Valderrama Baz\u00e1n<o:p><\/o:p><\/p>\n<p style=\"text-align: justify;\"><a href=\"mailto:wvalderrama@illariy.org\">wvalderrama@illariy.org<\/a> &nbsp;\/&nbsp; <a href=\"mailto:widaval@outlook.es\">widaval@outlook.es<\/a> <o:p><\/o:p><\/p>\n<p><a href=\"https:\/\/orcid.org\/0000-0003-4626-1444\"><em><strong>ORCID ID<\/strong><\/em><\/a><\/p>\n<p style=\"text-align: justify;\"><b>N\u00famero del RUC:<\/b> 20491611821<o:p><\/o:p><\/p>\n<p style=\"text-align: justify;\"><b>Registros P\u00fablicos:<\/b> N\u00b0 124-97-SUNARP<o:p><\/o:p><\/p>","protected":false},"excerpt":{"rendered":"<p>ILLARIY Somos una asociaci\u00f3n para el desarrollo y conservaci\u00f3n de los recursos naturales, es una organizaci\u00f3n privada, integrada por personas naturales y constituida bajo la modalidad de asociaci\u00f3n civil, sin fines de lucro, no comprometida con ninguna ideolog\u00eda pol\u00edtica partidarista ni credo religioso. &nbsp; Misi\u00f3n Institucional: La asociaci\u00f3n asume como [&hellip;]<\/p>","protected":false},"author":1,"featured_media":167,"parent":0,"menu_order":0,"comment_status":"closed","ping_status":"closed","template":"","meta":{"footnotes":""},"class_list":["post-80","page","type-page","status-publish","has-post-thumbnail","hentry"],"wppr_data":{"cwp_meta_box_check":"No"},"yoast_head":"<!-- This site is optimized with the Yoast SEO plugin v26.9 - https:\/\/yoast.com\/product\/yoast-seo-wordpress\/ -->\n<title>ILLARIY, organizaci\u00f3n no gubernametal, ONG illariy, illariy ONG<\/title>\n<meta name=\"description\" content=\"ILLARIY es una organizaci\u00f3n no gubernamental dedicada a la investigaci\u00f3n en fauna silvestre, salud p\u00fablica, salud ecosist\u00e9mica, renovaci\u00f3n de recursos\" \/>\n<meta name=\"robots\" content=\"index, follow, max-snippet:-1, max-image-preview:large, max-video-preview:-1\" \/>\n<link rel=\"canonical\" href=\"https:\/\/illariy.org\/en\/illariy-ong\/\" \/>\n<meta property=\"og:locale\" content=\"en_US\" \/>\n<meta property=\"og:type\" content=\"article\" \/>\n<meta property=\"og:title\" content=\"ILLARIY, organizaci\u00f3n no gubernametal, ONG illariy, illariy ONG\" \/>\n<meta property=\"og:description\" content=\"ILLARIY es una organizaci\u00f3n no gubernamental dedicada a la investigaci\u00f3n en fauna silvestre, salud p\u00fablica, salud ecosist\u00e9mica, renovaci\u00f3n de recursos\" \/>\n<meta property=\"og:url\" content=\"https:\/\/illariy.org\/en\/illariy-ong\/\" \/>\n<meta property=\"og:site_name\" content=\"I L L A R I Y\" \/>\n<meta property=\"article:modified_time\" content=\"2020-11-03T02:45:05+00:00\" \/>\n<meta property=\"og:image\" content=\"https:\/\/illariy.org\/wp-content\/uploads\/2018\/05\/Imagen-210-e1531282158529.jpg\" \/>\n\t<meta property=\"og:image:width\" content=\"700\" \/>\n\t<meta property=\"og:image:height\" content=\"467\" \/>\n\t<meta property=\"og:image:type\" content=\"image\/jpeg\" \/>\n<meta name=\"twitter:card\" content=\"summary_large_image\" \/>\n<meta name=\"twitter:label1\" content=\"Est. reading time\" \/>\n\t<meta name=\"twitter:data1\" content=\"1 minute\" \/>\n<script type=\"application\/ld+json\" class=\"yoast-schema-graph\">{\"@context\":\"https:\/\/schema.org\",\"@graph\":[{\"@type\":\"WebPage\",\"@id\":\"https:\/\/illariy.org\/illariy-ong\/\",\"url\":\"https:\/\/illariy.org\/illariy-ong\/\",\"name\":\"ILLARIY, organizaci\u00f3n no gubernametal, ONG illariy, illariy ONG\",\"isPartOf\":{\"@id\":\"https:\/\/illariy.org\/#website\"},\"primaryImageOfPage\":{\"@id\":\"https:\/\/illariy.org\/illariy-ong\/#primaryimage\"},\"image\":{\"@id\":\"https:\/\/illariy.org\/illariy-ong\/#primaryimage\"},\"thumbnailUrl\":\"https:\/\/illariy.org\/wp-content\/uploads\/2018\/05\/Imagen-210-e1531282158529.jpg\",\"datePublished\":\"2018-05-09T07:04:37+00:00\",\"dateModified\":\"2020-11-03T02:45:05+00:00\",\"description\":\"ILLARIY es una organizaci\u00f3n no gubernamental dedicada a la investigaci\u00f3n en fauna silvestre, salud p\u00fablica, salud ecosist\u00e9mica, renovaci\u00f3n de recursos\",\"breadcrumb\":{\"@id\":\"https:\/\/illariy.org\/illariy-ong\/#breadcrumb\"},\"inLanguage\":\"en-US\",\"potentialAction\":[{\"@type\":\"ReadAction\",\"target\":[\"https:\/\/illariy.org\/illariy-ong\/\"]}]},{\"@type\":\"ImageObject\",\"inLanguage\":\"en-US\",\"@id\":\"https:\/\/illariy.org\/illariy-ong\/#primaryimage\",\"url\":\"https:\/\/illariy.org\/wp-content\/uploads\/2018\/05\/Imagen-210-e1531282158529.jpg\",\"contentUrl\":\"https:\/\/illariy.org\/wp-content\/uploads\/2018\/05\/Imagen-210-e1531282158529.jpg\",\"width\":700,\"height\":467},{\"@type\":\"BreadcrumbList\",\"@id\":\"https:\/\/illariy.org\/illariy-ong\/#breadcrumb\",\"itemListElement\":[{\"@type\":\"ListItem\",\"position\":1,\"name\":\"Portada\",\"item\":\"https:\/\/illariy.org\/\"},{\"@type\":\"ListItem\",\"position\":2,\"name\":\"Inicio\"}]},{\"@type\":\"WebSite\",\"@id\":\"https:\/\/illariy.org\/#website\",\"url\":\"https:\/\/illariy.org\/\",\"name\":\"ILLARIY\",\"description\":\"Organizaci\u00f3n No Gubernamental de Desarrollo\",\"publisher\":{\"@id\":\"https:\/\/illariy.org\/#organization\"},\"potentialAction\":[{\"@type\":\"SearchAction\",\"target\":{\"@type\":\"EntryPoint\",\"urlTemplate\":\"https:\/\/illariy.org\/?s={search_term_string}\"},\"query-input\":{\"@type\":\"PropertyValueSpecification\",\"valueRequired\":true,\"valueName\":\"search_term_string\"}}],\"inLanguage\":\"en-US\"},{\"@type\":\"Organization\",\"@id\":\"https:\/\/illariy.org\/#organization\",\"name\":\"ILLARIY\",\"url\":\"https:\/\/illariy.org\/\",\"logo\":{\"@type\":\"ImageObject\",\"inLanguage\":\"en-US\",\"@id\":\"https:\/\/illariy.org\/#\/schema\/logo\/image\/\",\"url\":\"https:\/\/illariy.org\/wp-content\/uploads\/2018\/05\/cropped-LOGO-FINAL-01-3-scaled.jpg\",\"contentUrl\":\"https:\/\/illariy.org\/wp-content\/uploads\/2018\/05\/cropped-LOGO-FINAL-01-3-scaled.jpg\",\"width\":2560,\"height\":1938,\"caption\":\"ILLARIY\"},\"image\":{\"@id\":\"https:\/\/illariy.org\/#\/schema\/logo\/image\/\"}}]}<\/script>\n<!-- \/ Yoast SEO plugin. -->","yoast_head_json":{"title":"ILLARIY, organizaci\u00f3n no gubernametal, ONG illariy, illariy ONG","description":"ILLARIY es una organizaci\u00f3n no gubernamental dedicada a la investigaci\u00f3n en fauna silvestre, salud p\u00fablica, salud ecosist\u00e9mica, renovaci\u00f3n de recursos","robots":{"index":"index","follow":"follow","max-snippet":"max-snippet:-1","max-image-preview":"max-image-preview:large","max-video-preview":"max-video-preview:-1"},"canonical":"https:\/\/illariy.org\/en\/illariy-ong\/","og_locale":"en_US","og_type":"article","og_title":"ILLARIY, organizaci\u00f3n no gubernametal, ONG illariy, illariy ONG","og_description":"ILLARIY es una organizaci\u00f3n no gubernamental dedicada a la investigaci\u00f3n en fauna silvestre, salud p\u00fablica, salud ecosist\u00e9mica, renovaci\u00f3n de recursos","og_url":"https:\/\/illariy.org\/en\/illariy-ong\/","og_site_name":"I L L A R I Y","article_modified_time":"2020-11-03T02:45:05+00:00","og_image":[{"width":700,"height":467,"url":"https:\/\/illariy.org\/wp-content\/uploads\/2018\/05\/Imagen-210-e1531282158529.jpg","type":"image\/jpeg"}],"twitter_card":"summary_large_image","twitter_misc":{"Est. reading time":"1 minute"},"schema":{"@context":"https:\/\/schema.org","@graph":[{"@type":"WebPage","@id":"https:\/\/illariy.org\/illariy-ong\/","url":"https:\/\/illariy.org\/illariy-ong\/","name":"ILLARIY, organizaci\u00f3n no gubernametal, ONG illariy, illariy ONG","isPartOf":{"@id":"https:\/\/illariy.org\/#website"},"primaryImageOfPage":{"@id":"https:\/\/illariy.org\/illariy-ong\/#primaryimage"},"image":{"@id":"https:\/\/illariy.org\/illariy-ong\/#primaryimage"},"thumbnailUrl":"https:\/\/illariy.org\/wp-content\/uploads\/2018\/05\/Imagen-210-e1531282158529.jpg","datePublished":"2018-05-09T07:04:37+00:00","dateModified":"2020-11-03T02:45:05+00:00","description":"ILLARIY es una organizaci\u00f3n no gubernamental dedicada a la investigaci\u00f3n en fauna silvestre, salud p\u00fablica, salud ecosist\u00e9mica, renovaci\u00f3n de recursos","breadcrumb":{"@id":"https:\/\/illariy.org\/illariy-ong\/#breadcrumb"},"inLanguage":"en-US","potentialAction":[{"@type":"ReadAction","target":["https:\/\/illariy.org\/illariy-ong\/"]}]},{"@type":"ImageObject","inLanguage":"en-US","@id":"https:\/\/illariy.org\/illariy-ong\/#primaryimage","url":"https:\/\/illariy.org\/wp-content\/uploads\/2018\/05\/Imagen-210-e1531282158529.jpg","contentUrl":"https:\/\/illariy.org\/wp-content\/uploads\/2018\/05\/Imagen-210-e1531282158529.jpg","width":700,"height":467},{"@type":"BreadcrumbList","@id":"https:\/\/illariy.org\/illariy-ong\/#breadcrumb","itemListElement":[{"@type":"ListItem","position":1,"name":"Portada","item":"https:\/\/illariy.org\/"},{"@type":"ListItem","position":2,"name":"Inicio"}]},{"@type":"WebSite","@id":"https:\/\/illariy.org\/#website","url":"https:\/\/illariy.org\/","name":"ILLARIY","description":"Organizaci\u00f3n No Gubernamental de Desarrollo","publisher":{"@id":"https:\/\/illariy.org\/#organization"},"potentialAction":[{"@type":"SearchAction","target":{"@type":"EntryPoint","urlTemplate":"https:\/\/illariy.org\/?s={search_term_string}"},"query-input":{"@type":"PropertyValueSpecification","valueRequired":true,"valueName":"search_term_string"}}],"inLanguage":"en-US"},{"@type":"Organization","@id":"https:\/\/illariy.org\/#organization","name":"ILLARIY","url":"https:\/\/illariy.org\/","logo":{"@type":"ImageObject","inLanguage":"en-US","@id":"https:\/\/illariy.org\/#\/schema\/logo\/image\/","url":"https:\/\/illariy.org\/wp-content\/uploads\/2018\/05\/cropped-LOGO-FINAL-01-3-scaled.jpg","contentUrl":"https:\/\/illariy.org\/wp-content\/uploads\/2018\/05\/cropped-LOGO-FINAL-01-3-scaled.jpg","width":2560,"height":1938,"caption":"ILLARIY"},"image":{"@id":"https:\/\/illariy.org\/#\/schema\/logo\/image\/"}}]}},"_links":{"self":[{"href":"https:\/\/illariy.org\/en\/wp-json\/wp\/v2\/pages\/80","targetHints":{"allow":["GET"]}}],"collection":[{"href":"https:\/\/illariy.org\/en\/wp-json\/wp\/v2\/pages"}],"about":[{"href":"https:\/\/illariy.org\/en\/wp-json\/wp\/v2\/types\/page"}],"author":[{"embeddable":true,"href":"https:\/\/illariy.org\/en\/wp-json\/wp\/v2\/users\/1"}],"replies":[{"embeddable":true,"href":"https:\/\/illariy.org\/en\/wp-json\/wp\/v2\/comments?post=80"}],"version-history":[{"count":31,"href":"https:\/\/illariy.org\/en\/wp-json\/wp\/v2\/pages\/80\/revisions"}],"predecessor-version":[{"id":3425,"href":"https:\/\/illariy.org\/en\/wp-json\/wp\/v2\/pages\/80\/revisions\/3425"}],"wp:featuredmedia":[{"embeddable":true,"href":"https:\/\/illariy.org\/en\/wp-json\/wp\/v2\/media\/167"}],"wp:attachment":[{"href":"https:\/\/illariy.org\/en\/wp-json\/wp\/v2\/media?parent=80"}],"curies":[{"name":"wp","href":"https:\/\/api.w.org\/{rel}","templated":true}]}}