{"id":814,"date":"2018-08-07T23:12:58","date_gmt":"2018-08-08T04:12:58","guid":{"rendered":"https:\/\/illariy.org\/?page_id=814"},"modified":"2020-11-02T20:49:18","modified_gmt":"2020-11-03T01:49:18","slug":"actividades","status":"publish","type":"page","link":"https:\/\/illariy.org\/en\/actividades\/","title":{"rendered":"Activities"},"content":{"rendered":"<p style=\"text-align: justify;\">One of the functions of ILLARIY is the development of technical and scientific activities aimed at disseminating the knowledge acquired in each of our projects. On this occasion, we share with you the presentations of the International Workshop on Ecology and Control of Infectious Diseases in Bats, held at the Universidad Peruana Cayetano Heredia.<\/p>\n<p style=\"text-align: justify;\"><strong>Organizing Institutions:<\/strong> Association for the Development and Conservation of Natural Resources (ILLARIY), University of Glasgow (UG), Universidad Peruana Cayetano Heredia (UPCH)<\/p>\n<p><strong>Organizing Committee:<\/strong>: William Valderrama (ILLARIY), Julio Benavides (GU), John Claxton (GU), Daniel Streicker (GU), N\u00e9stor Falc\u00f3n (UPCH) &amp; Carlos Shiva (UPCH)<\/p>\n<p><strong>Workshop objetives:<\/strong><\/p>\n<ul>\n<li>Update on the situation of emerging diseases and their control in the context of Latin America and with specific reference to rabies.<\/li>\n<li>To present the ongoing collaborative work on rabies in bats and livestock.<\/li>\n<li>Define future research priorities.<\/li>\n<\/ul>\n<p><strong>Presentations:<\/strong><\/p>\n<ul>\n<li><a href=\"https:\/\/illariy.org\/wp-content\/uploads\/2018\/08\/Vigilato-Rabia-in-Bats-2016.pdf\" target=\"_blank\" rel=\"noopener noreferrer\">Rabies in bats \u2013 Marco Vigilato \u2013 OPS\/OMS<\/a><\/li>\n<li><a href=\"https:\/\/illariy.org\/wp-content\/uploads\/2018\/08\/Velasco-Rabies-in-Latin-America-compartir.pdf\" target=\"_blank\" rel=\"noopener noreferrer\">Rabies in Latin America \u2013 Andr\u00e9s Velasco \u2013 CDC<\/a><\/li>\n<li><a href=\"https:\/\/illariy.org\/wp-content\/uploads\/2018\/08\/Uieda-Hematophagous-bats-im-Brazilian-Amazon.pdf\" target=\"_blank\" rel=\"noopener noreferrer\">Hematophagous bats in Brazilian Amazon \u2013 Wilson Uieda \u2013 PCM Brazil<\/a><\/li>\n<li><a href=\"https:\/\/illariy.org\/wp-content\/uploads\/2018\/08\/Suz\u00e1n_Ecology_and_health.pdf\" target=\"_blank\" rel=\"noopener noreferrer\">Ecology and health \u2013 Gerardo Sus\u00e1n \u2013 UNAM Mexico<\/a><\/li>\n<li><a href=\"https:\/\/illariy.org\/wp-content\/uploads\/2018\/08\/Streicker-Molecular-evolution-of-vampire-bats-and-rabies-virus.pdf\" target=\"_blank\" rel=\"noopener noreferrer\">Molecular evolution of vampire bats and rabies virus \u2013 Daniel Streiker \u2013 Glasgow University<\/a><\/li>\n<li><a href=\"https:\/\/illariy.org\/wp-content\/uploads\/2018\/08\/Pompei_Control_de_las_poblaciones_de_los_murcielagos.pdf\" target=\"_blank\" rel=\"noopener noreferrer\">Control of bat populations \u2013 J\u00falio Pompey \u2013 PANAFTOSA\/OPS<\/a><\/li>\n<li><a href=\"https:\/\/illariy.org\/wp-content\/uploads\/2018\/08\/Bergner-Genomic-of-viruses-in-bats.pdf\" target=\"_blank\" rel=\"noopener noreferrer\">Genomic of viruses in bats \u2013 Laura Bergner \u2013 Glasgow University<\/a><\/li>\n<li><a href=\"https:\/\/illariy.org\/wp-content\/uploads\/2018\/08\/Benavides-spatial-propogation-and-social-impact-of-bat-rabies.pdf\" target=\"_blank\" rel=\"noopener noreferrer\">Spatial propagation and social impact of rabies \u2013 Julio Benavides \u2013 Glasgow University<\/a><\/li>\n<li><a href=\"https:\/\/illariy.org\/wp-content\/uploads\/2018\/08\/Almeida-Ecology-and-control-of-infectious-diseases-in-vampire-bats.pdf\" target=\"_blank\" rel=\"noopener noreferrer\">Control of infectious disease in vampire bats \u2013 Marilene Fernandes de Almeida \u2013 ZCC Brazil<\/a><\/li>\n<\/ul>\n<p><strong>Photo gallery:<\/strong><\/p>\n\n\t\t<style type=\"text\/css\">\n\t\t\t#gallery-1 {\n\t\t\t\tmargin: auto;\n\t\t\t}\n\t\t\t#gallery-1 .gallery-item {\n\t\t\t\tfloat: left;\n\t\t\t\tmargin-top: 10px;\n\t\t\t\ttext-align: center;\n\t\t\t\twidth: 33%;\n\t\t\t}\n\t\t\t#gallery-1 img {\n\t\t\t\tborder: 2px solid #cfcfcf;\n\t\t\t}\n\t\t\t#gallery-1 .gallery-caption {\n\t\t\t\tmargin-left: 0;\n\t\t\t}\n\t\t\t\/* see gallery_shortcode() in wp-includes\/media.php *\/\n\t\t<\/style>\n\t\t<div id='gallery-1' class='gallery galleryid-814 gallery-columns-3 gallery-size-large'><dl class='gallery-item'>\n\t\t\t<dt class='gallery-icon landscape'>\n\t\t\t\t<a href='https:\/\/illariy.org\/en\/dsc_0049\/'><img fetchpriority=\"high\" decoding=\"async\" width=\"700\" height=\"469\" src=\"https:\/\/illariy.org\/wp-content\/uploads\/2018\/08\/DSC_0049.jpg\" class=\"attachment-large size-large\" alt=\"\" srcset=\"https:\/\/illariy.org\/wp-content\/uploads\/2018\/08\/DSC_0049.jpg 700w, https:\/\/illariy.org\/wp-content\/uploads\/2018\/08\/DSC_0049-600x402.jpg 600w, https:\/\/illariy.org\/wp-content\/uploads\/2018\/08\/DSC_0049-300x201.jpg 300w, https:\/\/illariy.org\/wp-content\/uploads\/2018\/08\/DSC_0049-50x34.jpg 50w, https:\/\/illariy.org\/wp-content\/uploads\/2018\/08\/DSC_0049-360x240.jpg 360w\" sizes=\"(max-width: 700px) 100vw, 700px\" \/><\/a>\n\t\t\t<\/dt><\/dl><dl class='gallery-item'>\n\t\t\t<dt class='gallery-icon landscape'>\n\t\t\t\t<a href='https:\/\/illariy.org\/en\/actividades\/dsc_0100\/'><img decoding=\"async\" width=\"700\" height=\"469\" data-src=\"https:\/\/illariy.org\/wp-content\/uploads\/2018\/08\/DSC_0100.jpg\" class=\"attachment-large size-large lazyload\" alt=\"\" data-srcset=\"https:\/\/illariy.org\/wp-content\/uploads\/2018\/08\/DSC_0100.jpg 700w, https:\/\/illariy.org\/wp-content\/uploads\/2018\/08\/DSC_0100-600x402.jpg 600w, https:\/\/illariy.org\/wp-content\/uploads\/2018\/08\/DSC_0100-300x201.jpg 300w, https:\/\/illariy.org\/wp-content\/uploads\/2018\/08\/DSC_0100-50x34.jpg 50w, https:\/\/illariy.org\/wp-content\/uploads\/2018\/08\/DSC_0100-360x240.jpg 360w\" data-sizes=\"(max-width: 700px) 100vw, 700px\" src=\"data:image\/gif;base64,R0lGODlhAQABAAAAACH5BAEKAAEALAAAAAABAAEAAAICTAEAOw==\" style=\"--smush-placeholder-width: 700px; --smush-placeholder-aspect-ratio: 700\/469;\" \/><\/a>\n\t\t\t<\/dt><\/dl><dl class='gallery-item'>\n\t\t\t<dt class='gallery-icon landscape'>\n\t\t\t\t<a href='https:\/\/illariy.org\/en\/actividades\/dsc_0024\/'><img decoding=\"async\" width=\"700\" height=\"469\" data-src=\"https:\/\/illariy.org\/wp-content\/uploads\/2018\/08\/DSC_0024.jpg\" class=\"attachment-large size-large lazyload\" alt=\"\" data-srcset=\"https:\/\/illariy.org\/wp-content\/uploads\/2018\/08\/DSC_0024.jpg 700w, https:\/\/illariy.org\/wp-content\/uploads\/2018\/08\/DSC_0024-600x402.jpg 600w, https:\/\/illariy.org\/wp-content\/uploads\/2018\/08\/DSC_0024-300x201.jpg 300w, https:\/\/illariy.org\/wp-content\/uploads\/2018\/08\/DSC_0024-50x34.jpg 50w, https:\/\/illariy.org\/wp-content\/uploads\/2018\/08\/DSC_0024-360x240.jpg 360w\" data-sizes=\"(max-width: 700px) 100vw, 700px\" src=\"data:image\/gif;base64,R0lGODlhAQABAAAAACH5BAEKAAEALAAAAAABAAEAAAICTAEAOw==\" style=\"--smush-placeholder-width: 700px; --smush-placeholder-aspect-ratio: 700\/469;\" \/><\/a>\n\t\t\t<\/dt><\/dl><br style=\"clear: both\" \/><dl class='gallery-item'>\n\t\t\t<dt class='gallery-icon landscape'>\n\t\t\t\t<a href='https:\/\/illariy.org\/en\/actividades\/dsc_0107\/'><img decoding=\"async\" width=\"700\" height=\"468\" data-src=\"https:\/\/illariy.org\/wp-content\/uploads\/2018\/08\/DSC_0107.jpg\" class=\"attachment-large size-large lazyload\" alt=\"\" data-srcset=\"https:\/\/illariy.org\/wp-content\/uploads\/2018\/08\/DSC_0107.jpg 700w, https:\/\/illariy.org\/wp-content\/uploads\/2018\/08\/DSC_0107-600x401.jpg 600w, https:\/\/illariy.org\/wp-content\/uploads\/2018\/08\/DSC_0107-300x201.jpg 300w, https:\/\/illariy.org\/wp-content\/uploads\/2018\/08\/DSC_0107-50x33.jpg 50w, https:\/\/illariy.org\/wp-content\/uploads\/2018\/08\/DSC_0107-360x240.jpg 360w\" data-sizes=\"(max-width: 700px) 100vw, 700px\" src=\"data:image\/gif;base64,R0lGODlhAQABAAAAACH5BAEKAAEALAAAAAABAAEAAAICTAEAOw==\" style=\"--smush-placeholder-width: 700px; --smush-placeholder-aspect-ratio: 700\/468;\" \/><\/a>\n\t\t\t<\/dt><\/dl><dl class='gallery-item'>\n\t\t\t<dt class='gallery-icon landscape'>\n\t\t\t\t<a href='https:\/\/illariy.org\/en\/actividades\/dsc_0140\/'><img decoding=\"async\" width=\"700\" height=\"469\" data-src=\"https:\/\/illariy.org\/wp-content\/uploads\/2018\/08\/DSC_0140.jpg\" class=\"attachment-large size-large lazyload\" alt=\"\" data-srcset=\"https:\/\/illariy.org\/wp-content\/uploads\/2018\/08\/DSC_0140.jpg 700w, https:\/\/illariy.org\/wp-content\/uploads\/2018\/08\/DSC_0140-600x402.jpg 600w, https:\/\/illariy.org\/wp-content\/uploads\/2018\/08\/DSC_0140-300x201.jpg 300w, https:\/\/illariy.org\/wp-content\/uploads\/2018\/08\/DSC_0140-50x34.jpg 50w, https:\/\/illariy.org\/wp-content\/uploads\/2018\/08\/DSC_0140-360x240.jpg 360w\" data-sizes=\"(max-width: 700px) 100vw, 700px\" src=\"data:image\/gif;base64,R0lGODlhAQABAAAAACH5BAEKAAEALAAAAAABAAEAAAICTAEAOw==\" style=\"--smush-placeholder-width: 700px; --smush-placeholder-aspect-ratio: 700\/469;\" \/><\/a>\n\t\t\t<\/dt><\/dl><dl class='gallery-item'>\n\t\t\t<dt class='gallery-icon landscape'>\n\t\t\t\t<a href='https:\/\/illariy.org\/en\/actividades\/dsc_0093\/'><img decoding=\"async\" width=\"700\" height=\"469\" data-src=\"https:\/\/illariy.org\/wp-content\/uploads\/2018\/08\/DSC_0093.jpg\" class=\"attachment-large size-large lazyload\" alt=\"\" data-srcset=\"https:\/\/illariy.org\/wp-content\/uploads\/2018\/08\/DSC_0093.jpg 700w, https:\/\/illariy.org\/wp-content\/uploads\/2018\/08\/DSC_0093-600x402.jpg 600w, https:\/\/illariy.org\/wp-content\/uploads\/2018\/08\/DSC_0093-300x201.jpg 300w, https:\/\/illariy.org\/wp-content\/uploads\/2018\/08\/DSC_0093-50x34.jpg 50w, https:\/\/illariy.org\/wp-content\/uploads\/2018\/08\/DSC_0093-360x240.jpg 360w\" data-sizes=\"(max-width: 700px) 100vw, 700px\" src=\"data:image\/gif;base64,R0lGODlhAQABAAAAACH5BAEKAAEALAAAAAABAAEAAAICTAEAOw==\" style=\"--smush-placeholder-width: 700px; --smush-placeholder-aspect-ratio: 700\/469;\" \/><\/a>\n\t\t\t<\/dt><\/dl><br style=\"clear: both\" \/><dl class='gallery-item'>\n\t\t\t<dt class='gallery-icon landscape'>\n\t\t\t\t<a href='https:\/\/illariy.org\/en\/actividades\/dsc_0134\/'><img decoding=\"async\" width=\"700\" height=\"469\" data-src=\"https:\/\/illariy.org\/wp-content\/uploads\/2018\/08\/DSC_0134.jpg\" class=\"attachment-large size-large lazyload\" alt=\"\" data-srcset=\"https:\/\/illariy.org\/wp-content\/uploads\/2018\/08\/DSC_0134.jpg 700w, https:\/\/illariy.org\/wp-content\/uploads\/2018\/08\/DSC_0134-600x402.jpg 600w, https:\/\/illariy.org\/wp-content\/uploads\/2018\/08\/DSC_0134-300x201.jpg 300w, https:\/\/illariy.org\/wp-content\/uploads\/2018\/08\/DSC_0134-50x34.jpg 50w, https:\/\/illariy.org\/wp-content\/uploads\/2018\/08\/DSC_0134-360x240.jpg 360w\" data-sizes=\"(max-width: 700px) 100vw, 700px\" src=\"data:image\/gif;base64,R0lGODlhAQABAAAAACH5BAEKAAEALAAAAAABAAEAAAICTAEAOw==\" style=\"--smush-placeholder-width: 700px; --smush-placeholder-aspect-ratio: 700\/469;\" \/><\/a>\n\t\t\t<\/dt><\/dl><dl class='gallery-item'>\n\t\t\t<dt class='gallery-icon landscape'>\n\t\t\t\t<a href='https:\/\/illariy.org\/en\/actividades\/dsc_0039\/'><img decoding=\"async\" width=\"700\" height=\"468\" data-src=\"https:\/\/illariy.org\/wp-content\/uploads\/2018\/08\/DSC_0039.jpg\" class=\"attachment-large size-large lazyload\" alt=\"\" data-srcset=\"https:\/\/illariy.org\/wp-content\/uploads\/2018\/08\/DSC_0039.jpg 700w, https:\/\/illariy.org\/wp-content\/uploads\/2018\/08\/DSC_0039-600x401.jpg 600w, https:\/\/illariy.org\/wp-content\/uploads\/2018\/08\/DSC_0039-300x201.jpg 300w, https:\/\/illariy.org\/wp-content\/uploads\/2018\/08\/DSC_0039-50x33.jpg 50w, https:\/\/illariy.org\/wp-content\/uploads\/2018\/08\/DSC_0039-360x240.jpg 360w\" data-sizes=\"(max-width: 700px) 100vw, 700px\" src=\"data:image\/gif;base64,R0lGODlhAQABAAAAACH5BAEKAAEALAAAAAABAAEAAAICTAEAOw==\" style=\"--smush-placeholder-width: 700px; --smush-placeholder-aspect-ratio: 700\/468;\" \/><\/a>\n\t\t\t<\/dt><\/dl><dl class='gallery-item'>\n\t\t\t<dt class='gallery-icon landscape'>\n\t\t\t\t<a href='https:\/\/illariy.org\/en\/dsc_0062\/'><img decoding=\"async\" width=\"700\" height=\"469\" data-src=\"https:\/\/illariy.org\/wp-content\/uploads\/2018\/08\/DSC_0062.jpg\" class=\"attachment-large size-large lazyload\" alt=\"\" data-srcset=\"https:\/\/illariy.org\/wp-content\/uploads\/2018\/08\/DSC_0062.jpg 700w, https:\/\/illariy.org\/wp-content\/uploads\/2018\/08\/DSC_0062-600x402.jpg 600w, https:\/\/illariy.org\/wp-content\/uploads\/2018\/08\/DSC_0062-300x201.jpg 300w, https:\/\/illariy.org\/wp-content\/uploads\/2018\/08\/DSC_0062-50x34.jpg 50w, https:\/\/illariy.org\/wp-content\/uploads\/2018\/08\/DSC_0062-360x240.jpg 360w\" data-sizes=\"(max-width: 700px) 100vw, 700px\" src=\"data:image\/gif;base64,R0lGODlhAQABAAAAACH5BAEKAAEALAAAAAABAAEAAAICTAEAOw==\" style=\"--smush-placeholder-width: 700px; --smush-placeholder-aspect-ratio: 700\/469;\" \/><\/a>\n\t\t\t<\/dt><\/dl><br style=\"clear: both\" \/><dl class='gallery-item'>\n\t\t\t<dt class='gallery-icon landscape'>\n\t\t\t\t<a href='https:\/\/illariy.org\/en\/actividades\/dsc_0126\/'><img decoding=\"async\" width=\"700\" height=\"469\" data-src=\"https:\/\/illariy.org\/wp-content\/uploads\/2018\/08\/DSC_0126.jpg\" class=\"attachment-large size-large lazyload\" alt=\"\" data-srcset=\"https:\/\/illariy.org\/wp-content\/uploads\/2018\/08\/DSC_0126.jpg 700w, https:\/\/illariy.org\/wp-content\/uploads\/2018\/08\/DSC_0126-600x402.jpg 600w, https:\/\/illariy.org\/wp-content\/uploads\/2018\/08\/DSC_0126-300x201.jpg 300w, https:\/\/illariy.org\/wp-content\/uploads\/2018\/08\/DSC_0126-50x34.jpg 50w, https:\/\/illariy.org\/wp-content\/uploads\/2018\/08\/DSC_0126-360x240.jpg 360w\" data-sizes=\"(max-width: 700px) 100vw, 700px\" src=\"data:image\/gif;base64,R0lGODlhAQABAAAAACH5BAEKAAEALAAAAAABAAEAAAICTAEAOw==\" style=\"--smush-placeholder-width: 700px; --smush-placeholder-aspect-ratio: 700\/469;\" \/><\/a>\n\t\t\t<\/dt><\/dl><dl class='gallery-item'>\n\t\t\t<dt class='gallery-icon landscape'>\n\t\t\t\t<a href='https:\/\/illariy.org\/en\/actividades\/dsc_0139\/'><img decoding=\"async\" width=\"700\" height=\"469\" data-src=\"https:\/\/illariy.org\/wp-content\/uploads\/2018\/08\/DSC_0139.jpg\" class=\"attachment-large size-large lazyload\" alt=\"\" data-srcset=\"https:\/\/illariy.org\/wp-content\/uploads\/2018\/08\/DSC_0139.jpg 700w, https:\/\/illariy.org\/wp-content\/uploads\/2018\/08\/DSC_0139-600x402.jpg 600w, https:\/\/illariy.org\/wp-content\/uploads\/2018\/08\/DSC_0139-300x201.jpg 300w, https:\/\/illariy.org\/wp-content\/uploads\/2018\/08\/DSC_0139-50x34.jpg 50w, https:\/\/illariy.org\/wp-content\/uploads\/2018\/08\/DSC_0139-360x240.jpg 360w\" data-sizes=\"(max-width: 700px) 100vw, 700px\" src=\"data:image\/gif;base64,R0lGODlhAQABAAAAACH5BAEKAAEALAAAAAABAAEAAAICTAEAOw==\" style=\"--smush-placeholder-width: 700px; --smush-placeholder-aspect-ratio: 700\/469;\" \/><\/a>\n\t\t\t<\/dt><\/dl><dl class='gallery-item'>\n\t\t\t<dt class='gallery-icon landscape'>\n\t\t\t\t<a href='https:\/\/illariy.org\/en\/actividades\/dsc_0055\/'><img decoding=\"async\" width=\"700\" height=\"468\" data-src=\"https:\/\/illariy.org\/wp-content\/uploads\/2018\/08\/DSC_0055.jpg\" class=\"attachment-large size-large lazyload\" alt=\"\" data-srcset=\"https:\/\/illariy.org\/wp-content\/uploads\/2018\/08\/DSC_0055.jpg 700w, https:\/\/illariy.org\/wp-content\/uploads\/2018\/08\/DSC_0055-600x401.jpg 600w, https:\/\/illariy.org\/wp-content\/uploads\/2018\/08\/DSC_0055-300x201.jpg 300w, https:\/\/illariy.org\/wp-content\/uploads\/2018\/08\/DSC_0055-50x33.jpg 50w, https:\/\/illariy.org\/wp-content\/uploads\/2018\/08\/DSC_0055-360x240.jpg 360w\" data-sizes=\"(max-width: 700px) 100vw, 700px\" src=\"data:image\/gif;base64,R0lGODlhAQABAAAAACH5BAEKAAEALAAAAAABAAEAAAICTAEAOw==\" style=\"--smush-placeholder-width: 700px; --smush-placeholder-aspect-ratio: 700\/468;\" \/><\/a>\n\t\t\t<\/dt><\/dl><br style=\"clear: both\" \/>\n\t\t<\/div>","protected":false},"excerpt":{"rendered":"<p>Una de las funciones de ILLARIY es el desarrollo de actividades t\u00e9cnico cient\u00edficas orientadas a difundir los conocimientos adquiridos en cada uno de nuestros proyectos, en esta oportunidad compartimos con ustedes las presentaciones del Workshop Internacional en Ecolog\u00eda y control de enfermedades infecciosas en murci\u00e9lagos hemat\u00f3fagos, desarrollado en las instalaciones [&hellip;]<\/p>","protected":false},"author":1,"featured_media":167,"parent":0,"menu_order":0,"comment_status":"closed","ping_status":"closed","template":"","meta":{"footnotes":""},"class_list":["post-814","page","type-page","status-publish","has-post-thumbnail","hentry"],"wppr_data":{"cwp_meta_box_check":"No"},"yoast_head":"<!-- This site is optimized with the Yoast SEO plugin v26.9 - https:\/\/yoast.com\/product\/yoast-seo-wordpress\/ -->\n<title>Actividades - I L L A R I Y<\/title>\n<meta name=\"robots\" content=\"index, follow, max-snippet:-1, max-image-preview:large, max-video-preview:-1\" \/>\n<link rel=\"canonical\" href=\"https:\/\/illariy.org\/en\/actividades\/\" \/>\n<meta property=\"og:locale\" content=\"en_US\" \/>\n<meta property=\"og:type\" content=\"article\" \/>\n<meta property=\"og:title\" content=\"Actividades - I L L A R I Y\" \/>\n<meta property=\"og:description\" content=\"Una de las funciones de ILLARIY es el desarrollo de actividades t\u00e9cnico cient\u00edficas orientadas a difundir los conocimientos adquiridos en cada uno de nuestros proyectos, en esta oportunidad compartimos con ustedes las presentaciones del Workshop Internacional en Ecolog\u00eda y control de enfermedades infecciosas en murci\u00e9lagos hemat\u00f3fagos, desarrollado en las instalaciones [&hellip;]\" \/>\n<meta property=\"og:url\" content=\"https:\/\/illariy.org\/en\/actividades\/\" \/>\n<meta property=\"og:site_name\" content=\"I L L A R I Y\" \/>\n<meta property=\"article:modified_time\" content=\"2020-11-03T01:49:18+00:00\" \/>\n<meta property=\"og:image\" content=\"https:\/\/illariy.org\/wp-content\/uploads\/2018\/05\/Imagen-210-e1531282158529.jpg\" \/>\n\t<meta property=\"og:image:width\" content=\"700\" \/>\n\t<meta property=\"og:image:height\" content=\"467\" \/>\n\t<meta property=\"og:image:type\" content=\"image\/jpeg\" \/>\n<meta name=\"twitter:card\" content=\"summary_large_image\" \/>\n<meta name=\"twitter:label1\" content=\"Est. reading time\" \/>\n\t<meta name=\"twitter:data1\" content=\"1 minute\" \/>\n<script type=\"application\/ld+json\" class=\"yoast-schema-graph\">{\"@context\":\"https:\/\/schema.org\",\"@graph\":[{\"@type\":\"WebPage\",\"@id\":\"https:\/\/illariy.org\/actividades\/\",\"url\":\"https:\/\/illariy.org\/actividades\/\",\"name\":\"Actividades - I L L A R I Y\",\"isPartOf\":{\"@id\":\"https:\/\/illariy.org\/#website\"},\"primaryImageOfPage\":{\"@id\":\"https:\/\/illariy.org\/actividades\/#primaryimage\"},\"image\":{\"@id\":\"https:\/\/illariy.org\/actividades\/#primaryimage\"},\"thumbnailUrl\":\"https:\/\/illariy.org\/wp-content\/uploads\/2018\/05\/Imagen-210-e1531282158529.jpg\",\"datePublished\":\"2018-08-08T04:12:58+00:00\",\"dateModified\":\"2020-11-03T01:49:18+00:00\",\"breadcrumb\":{\"@id\":\"https:\/\/illariy.org\/actividades\/#breadcrumb\"},\"inLanguage\":\"en-US\",\"potentialAction\":[{\"@type\":\"ReadAction\",\"target\":[\"https:\/\/illariy.org\/actividades\/\"]}]},{\"@type\":\"ImageObject\",\"inLanguage\":\"en-US\",\"@id\":\"https:\/\/illariy.org\/actividades\/#primaryimage\",\"url\":\"https:\/\/illariy.org\/wp-content\/uploads\/2018\/05\/Imagen-210-e1531282158529.jpg\",\"contentUrl\":\"https:\/\/illariy.org\/wp-content\/uploads\/2018\/05\/Imagen-210-e1531282158529.jpg\",\"width\":700,\"height\":467},{\"@type\":\"BreadcrumbList\",\"@id\":\"https:\/\/illariy.org\/actividades\/#breadcrumb\",\"itemListElement\":[{\"@type\":\"ListItem\",\"position\":1,\"name\":\"Portada\",\"item\":\"https:\/\/illariy.org\/\"},{\"@type\":\"ListItem\",\"position\":2,\"name\":\"Actividades\"}]},{\"@type\":\"WebSite\",\"@id\":\"https:\/\/illariy.org\/#website\",\"url\":\"https:\/\/illariy.org\/\",\"name\":\"ILLARIY\",\"description\":\"Organizaci\u00f3n No Gubernamental de Desarrollo\",\"publisher\":{\"@id\":\"https:\/\/illariy.org\/#organization\"},\"potentialAction\":[{\"@type\":\"SearchAction\",\"target\":{\"@type\":\"EntryPoint\",\"urlTemplate\":\"https:\/\/illariy.org\/?s={search_term_string}\"},\"query-input\":{\"@type\":\"PropertyValueSpecification\",\"valueRequired\":true,\"valueName\":\"search_term_string\"}}],\"inLanguage\":\"en-US\"},{\"@type\":\"Organization\",\"@id\":\"https:\/\/illariy.org\/#organization\",\"name\":\"ILLARIY\",\"url\":\"https:\/\/illariy.org\/\",\"logo\":{\"@type\":\"ImageObject\",\"inLanguage\":\"en-US\",\"@id\":\"https:\/\/illariy.org\/#\/schema\/logo\/image\/\",\"url\":\"https:\/\/illariy.org\/wp-content\/uploads\/2018\/05\/cropped-LOGO-FINAL-01-3-scaled.jpg\",\"contentUrl\":\"https:\/\/illariy.org\/wp-content\/uploads\/2018\/05\/cropped-LOGO-FINAL-01-3-scaled.jpg\",\"width\":2560,\"height\":1938,\"caption\":\"ILLARIY\"},\"image\":{\"@id\":\"https:\/\/illariy.org\/#\/schema\/logo\/image\/\"}}]}<\/script>\n<!-- \/ Yoast SEO plugin. -->","yoast_head_json":{"title":"Actividades - I L L A R I Y","robots":{"index":"index","follow":"follow","max-snippet":"max-snippet:-1","max-image-preview":"max-image-preview:large","max-video-preview":"max-video-preview:-1"},"canonical":"https:\/\/illariy.org\/en\/actividades\/","og_locale":"en_US","og_type":"article","og_title":"Actividades - I L L A R I Y","og_description":"Una de las funciones de ILLARIY es el desarrollo de actividades t\u00e9cnico cient\u00edficas orientadas a difundir los conocimientos adquiridos en cada uno de nuestros proyectos, en esta oportunidad compartimos con ustedes las presentaciones del Workshop Internacional en Ecolog\u00eda y control de enfermedades infecciosas en murci\u00e9lagos hemat\u00f3fagos, desarrollado en las instalaciones [&hellip;]","og_url":"https:\/\/illariy.org\/en\/actividades\/","og_site_name":"I L L A R I Y","article_modified_time":"2020-11-03T01:49:18+00:00","og_image":[{"width":700,"height":467,"url":"https:\/\/illariy.org\/wp-content\/uploads\/2018\/05\/Imagen-210-e1531282158529.jpg","type":"image\/jpeg"}],"twitter_card":"summary_large_image","twitter_misc":{"Est. reading time":"1 minute"},"schema":{"@context":"https:\/\/schema.org","@graph":[{"@type":"WebPage","@id":"https:\/\/illariy.org\/actividades\/","url":"https:\/\/illariy.org\/actividades\/","name":"Actividades - I L L A R I Y","isPartOf":{"@id":"https:\/\/illariy.org\/#website"},"primaryImageOfPage":{"@id":"https:\/\/illariy.org\/actividades\/#primaryimage"},"image":{"@id":"https:\/\/illariy.org\/actividades\/#primaryimage"},"thumbnailUrl":"https:\/\/illariy.org\/wp-content\/uploads\/2018\/05\/Imagen-210-e1531282158529.jpg","datePublished":"2018-08-08T04:12:58+00:00","dateModified":"2020-11-03T01:49:18+00:00","breadcrumb":{"@id":"https:\/\/illariy.org\/actividades\/#breadcrumb"},"inLanguage":"en-US","potentialAction":[{"@type":"ReadAction","target":["https:\/\/illariy.org\/actividades\/"]}]},{"@type":"ImageObject","inLanguage":"en-US","@id":"https:\/\/illariy.org\/actividades\/#primaryimage","url":"https:\/\/illariy.org\/wp-content\/uploads\/2018\/05\/Imagen-210-e1531282158529.jpg","contentUrl":"https:\/\/illariy.org\/wp-content\/uploads\/2018\/05\/Imagen-210-e1531282158529.jpg","width":700,"height":467},{"@type":"BreadcrumbList","@id":"https:\/\/illariy.org\/actividades\/#breadcrumb","itemListElement":[{"@type":"ListItem","position":1,"name":"Portada","item":"https:\/\/illariy.org\/"},{"@type":"ListItem","position":2,"name":"Actividades"}]},{"@type":"WebSite","@id":"https:\/\/illariy.org\/#website","url":"https:\/\/illariy.org\/","name":"ILLARIY","description":"Organizaci\u00f3n No Gubernamental de Desarrollo","publisher":{"@id":"https:\/\/illariy.org\/#organization"},"potentialAction":[{"@type":"SearchAction","target":{"@type":"EntryPoint","urlTemplate":"https:\/\/illariy.org\/?s={search_term_string}"},"query-input":{"@type":"PropertyValueSpecification","valueRequired":true,"valueName":"search_term_string"}}],"inLanguage":"en-US"},{"@type":"Organization","@id":"https:\/\/illariy.org\/#organization","name":"ILLARIY","url":"https:\/\/illariy.org\/","logo":{"@type":"ImageObject","inLanguage":"en-US","@id":"https:\/\/illariy.org\/#\/schema\/logo\/image\/","url":"https:\/\/illariy.org\/wp-content\/uploads\/2018\/05\/cropped-LOGO-FINAL-01-3-scaled.jpg","contentUrl":"https:\/\/illariy.org\/wp-content\/uploads\/2018\/05\/cropped-LOGO-FINAL-01-3-scaled.jpg","width":2560,"height":1938,"caption":"ILLARIY"},"image":{"@id":"https:\/\/illariy.org\/#\/schema\/logo\/image\/"}}]}},"_links":{"self":[{"href":"https:\/\/illariy.org\/en\/wp-json\/wp\/v2\/pages\/814","targetHints":{"allow":["GET"]}}],"collection":[{"href":"https:\/\/illariy.org\/en\/wp-json\/wp\/v2\/pages"}],"about":[{"href":"https:\/\/illariy.org\/en\/wp-json\/wp\/v2\/types\/page"}],"author":[{"embeddable":true,"href":"https:\/\/illariy.org\/en\/wp-json\/wp\/v2\/users\/1"}],"replies":[{"embeddable":true,"href":"https:\/\/illariy.org\/en\/wp-json\/wp\/v2\/comments?post=814"}],"version-history":[{"count":12,"href":"https:\/\/illariy.org\/en\/wp-json\/wp\/v2\/pages\/814\/revisions"}],"predecessor-version":[{"id":3450,"href":"https:\/\/illariy.org\/en\/wp-json\/wp\/v2\/pages\/814\/revisions\/3450"}],"wp:featuredmedia":[{"embeddable":true,"href":"https:\/\/illariy.org\/en\/wp-json\/wp\/v2\/media\/167"}],"wp:attachment":[{"href":"https:\/\/illariy.org\/en\/wp-json\/wp\/v2\/media?parent=814"}],"curies":[{"name":"wp","href":"https:\/\/api.w.org\/{rel}","templated":true}]}}